{"id":175,"date":"2025-12-18T11:28:17","date_gmt":"2025-12-18T10:28:17","guid":{"rendered":"https:\/\/labogaming.fr\/?page_id=175"},"modified":"2026-01-15T12:49:24","modified_gmt":"2026-01-15T11:49:24","slug":"decouvertepro","status":"publish","type":"page","link":"https:\/\/labogaming.fr\/index.php\/decouvertepro\/","title":{"rendered":"D\u00e9couverte Professionnelle"},"content":{"rendered":"\n<p>Travail en Autonomie &#8211; S\u00e9ance du Jeudi 15 Janvier 2026<\/p>\n\n\n\n<div class=\"wp-block-file\"><a id=\"wp-block-file--media-55d33719-007a-4e6e-90e9-d47e32b6e623\" href=\"https:\/\/labogaming.fr\/wp-content\/uploads\/2026\/01\/Travail_-les-grandes-entreprises-mondiales.docx\">Travail_ les grandes entreprises mondiales<\/a><a href=\"https:\/\/labogaming.fr\/wp-content\/uploads\/2026\/01\/Travail_-les-grandes-entreprises-mondiales.docx\" class=\"wp-block-file__button wp-element-button\" download aria-describedby=\"wp-block-file--media-55d33719-007a-4e6e-90e9-d47e32b6e623\">T\u00e9l\u00e9charger<\/a><\/div>\n\n\n\n<div class=\"wp-block-file\"><a id=\"wp-block-file--media-79a6e520-ed27-46e8-9d95-f8b4a370bbf9\" href=\"https:\/\/labogaming.fr\/wp-content\/uploads\/2026\/01\/Travail_les_monnaies_et_capitales_commerce_mondial-1.docx\">Travail_les_monnaies_et_capitales_commerce_mondial<\/a><a href=\"https:\/\/labogaming.fr\/wp-content\/uploads\/2026\/01\/Travail_les_monnaies_et_capitales_commerce_mondial-1.docx\" class=\"wp-block-file__button wp-element-button\" download aria-describedby=\"wp-block-file--media-79a6e520-ed27-46e8-9d95-f8b4a370bbf9\">T\u00e9l\u00e9charger<\/a><\/div>\n\n\n\n<figure class=\"wp-block-image size-full\"><img loading=\"lazy\" decoding=\"async\" width=\"220\" height=\"165\" src=\"https:\/\/labogaming.fr\/wp-content\/uploads\/2025\/12\/hm1.gif\" alt=\"\" class=\"wp-image-199\"\/><\/figure>\n\n\n\n<p>Travail en Autonomie &#8211; S\u00e9ance du Jeudi 18 D\u00e9cembre 2025<\/p>\n\n\n\n<div class=\"wp-block-file\"><a id=\"wp-block-file--media-2e76d907-e6c8-47f5-a567-f0b5d6019782\" href=\"https:\/\/labogaming.fr\/wp-content\/uploads\/2025\/12\/document_travail_orientation-1.docx\">document_travail_orientation<\/a><a href=\"https:\/\/labogaming.fr\/wp-content\/uploads\/2025\/12\/document_travail_orientation-1.docx\" class=\"wp-block-file__button wp-element-button\" download aria-describedby=\"wp-block-file--media-2e76d907-e6c8-47f5-a567-f0b5d6019782\">T\u00e9l\u00e9charger<\/a><\/div>\n","protected":false},"excerpt":{"rendered":"<p>Travail en Autonomie &#8211; S\u00e9ance du Jeudi 15 Janvier 2026 Travail en Autonomie &#8211; S\u00e9ance du Jeudi 18 D\u00e9cembre 2025<\/p>\n","protected":false},"author":1,"featured_media":180,"parent":0,"menu_order":0,"comment_status":"closed","ping_status":"closed","template":"","meta":{"footnotes":""},"class_list":["post-175","page","type-page","status-publish","has-post-thumbnail","hentry"],"_links":{"self":[{"href":"https:\/\/labogaming.fr\/index.php\/wp-json\/wp\/v2\/pages\/175","targetHints":{"allow":["GET"]}}],"collection":[{"href":"https:\/\/labogaming.fr\/index.php\/wp-json\/wp\/v2\/pages"}],"about":[{"href":"https:\/\/labogaming.fr\/index.php\/wp-json\/wp\/v2\/types\/page"}],"author":[{"embeddable":true,"href":"https:\/\/labogaming.fr\/index.php\/wp-json\/wp\/v2\/users\/1"}],"replies":[{"embeddable":true,"href":"https:\/\/labogaming.fr\/index.php\/wp-json\/wp\/v2\/comments?post=175"}],"version-history":[{"count":8,"href":"https:\/\/labogaming.fr\/index.php\/wp-json\/wp\/v2\/pages\/175\/revisions"}],"predecessor-version":[{"id":259,"href":"https:\/\/labogaming.fr\/index.php\/wp-json\/wp\/v2\/pages\/175\/revisions\/259"}],"wp:featuredmedia":[{"embeddable":true,"href":"https:\/\/labogaming.fr\/index.php\/wp-json\/wp\/v2\/media\/180"}],"wp:attachment":[{"href":"https:\/\/labogaming.fr\/index.php\/wp-json\/wp\/v2\/media?parent=175"}],"curies":[{"name":"wp","href":"https:\/\/api.w.org\/{rel}","templated":true}]}}