{"id":182,"date":"2025-12-18T11:55:33","date_gmt":"2025-12-18T10:55:33","guid":{"rendered":"https:\/\/labogaming.fr\/?page_id=182"},"modified":"2025-12-18T12:43:52","modified_gmt":"2025-12-18T11:43:52","slug":"monorientation","status":"publish","type":"page","link":"https:\/\/labogaming.fr\/index.php\/monorientation\/","title":{"rendered":"Mon Orientation"},"content":{"rendered":"\n<p><strong>Liens utiles<\/strong><\/p>\n\n\n\n<div class=\"wp-block-buttons is-layout-flex wp-block-buttons-is-layout-flex\">\n<div class=\"wp-block-button\"><a class=\"wp-block-button__link wp-element-button\" href=\"https:\/\/www.onisep.fr\/\" target=\"_blank\" rel=\"noreferrer noopener\">Onisep<\/a><\/div>\n\n\n\n<div class=\"wp-block-button\"><a class=\"wp-block-button__link wp-element-button\" href=\"https:\/\/oriane.info\/\" target=\"_blank\" rel=\"noreferrer noopener\">Oriane<\/a><\/div>\n\n\n\n<div class=\"wp-block-button\"><a class=\"wp-block-button__link wp-element-button\" href=\"https:\/\/www.letudiant.fr\/\" target=\"_blank\" rel=\"noreferrer noopener\">L&rsquo;Etudiant<\/a><\/div>\n<\/div>\n\n\n\n<p><strong>Trouver un stage<\/strong><\/p>\n\n\n\n<div class=\"wp-block-buttons is-layout-flex wp-block-buttons-is-layout-flex\">\n<div class=\"wp-block-button\"><a class=\"wp-block-button__link wp-element-button\" href=\"https:\/\/www.pagesjaunes.fr\/\" target=\"_blank\" rel=\"noreferrer noopener\">Pages Jaunes<\/a><\/div>\n\n\n\n<div class=\"wp-block-button\"><a class=\"wp-block-button__link wp-element-button\" href=\"https:\/\/1eleve1stage.education.gouv.fr\/\" target=\"_blank\" rel=\"noreferrer noopener\">1 \u00e9l\u00e8ve 1 stage<\/a><\/div>\n\n\n\n<div class=\"wp-block-button\"><a class=\"wp-block-button__link wp-element-button\" href=\"https:\/\/www.lespotevry.fr\/\" target=\"_blank\" rel=\"noreferrer noopener\">Le Spot Evry<\/a><\/div>\n\n\n\n<div class=\"wp-block-button\"><a class=\"wp-block-button__link wp-element-button\" href=\"https:\/\/www.lacroixblanchecommerces.com\/\" target=\"_blank\" rel=\"noreferrer noopener\">Zone Croix Blanche<\/a><\/div>\n<\/div>\n\n\n\n<p><strong>Quiz Test Questionnaires<\/strong><\/p>\n\n\n\n<div class=\"wp-block-buttons is-layout-flex wp-block-buttons-is-layout-flex\">\n<div class=\"wp-block-button\"><a class=\"wp-block-button__link wp-element-button\" href=\"https:\/\/www.onisep.fr\/metier\/les-quiz-de-l-onisep\/quiz-quels-metiers-selon-mes-gouts\" target=\"_blank\" rel=\"noreferrer noopener\">Quiz : Quels m\u00e9tiers selon mes go\u00fbts ?<\/a><\/div>\n\n\n\n<div class=\"wp-block-button\"><a class=\"wp-block-button__link wp-element-button\" href=\"https:\/\/www.onisep.fr\/metier\/les-quiz-de-l-onisep\/quiz-quels-univers-professionnels-selon-ma-personnalite\" target=\"_blank\" rel=\"noreferrer noopener\">Quiz : Quels univers professionnels selon ma personnalit\u00e9 ?<\/a><\/div>\n\n\n\n<div class=\"wp-block-button\"><a class=\"wp-block-button__link wp-element-button\" href=\"https:\/\/www.onisep.fr\/metier\/les-quiz-de-l-onisep\/quiz-un-metier-peut-en-cacher-un-autre\" target=\"_blank\" rel=\"noreferrer noopener\">Quiz : Un m\u00e9tier peut en cacher un autre ?<\/a><\/div>\n\n\n\n<div class=\"wp-block-button\"><a class=\"wp-block-button__link wp-element-button\" href=\"https:\/\/www.onisep.fr\/metier\/les-quiz-de-l-onisep\/quiz-apprentissage\" target=\"_blank\" rel=\"noreferrer noopener\">Quiz : Apprentissage ?<\/a><\/div>\n<\/div>\n\n\n\n<p><strong>Ressources<\/strong><\/p>\n\n\n\n<div class=\"wp-block-buttons is-layout-flex wp-block-buttons-is-layout-flex\">\n<div class=\"wp-block-button\"><a class=\"wp-block-button__link wp-element-button\" href=\"https:\/\/sbssa.ac-versailles.fr\/docrestreint.api\/3817\/28d7beb89a3e4ffe37e570dfa354b12683eed23b00b0cbe08742b84d5b0606f4\/pdf\/fiche_accompagnement_prepa_metiers_commun_filieres_vf.pdf\" target=\"_blank\" rel=\"noreferrer noopener\">Page avec des ressources<\/a><\/div>\n<\/div>\n\n\n\n<p><strong>Lien vers le DigiPad \u00ab\u00a0Mon Orientation\u00a0\u00bb<\/strong> (CV, lettre de motivation, fiche m\u00e9tier, pr\u00e9paration oral, vid\u00e9os&#8230;).<\/p>\n\n\n\n<div class=\"wp-block-buttons is-layout-flex wp-block-buttons-is-layout-flex\">\n<div class=\"wp-block-button\"><a class=\"wp-block-button__link wp-element-button\" href=\"https:\/\/digipad.app\/p\/1297480\/07b6eef185b4c\" target=\"_blank\" rel=\"noreferrer noopener\">DigiPad \u00ab\u00a0Mon Orientation\u00a0\u00bb<\/a><\/div>\n<\/div>\n\n\n\n<p><\/p>\n","protected":false},"excerpt":{"rendered":"<p>Liens utiles Trouver un stage Quiz Test Questionnaires Ressources Lien vers le DigiPad \u00ab\u00a0Mon Orientation\u00a0\u00bb (CV, lettre de motivation, fiche m\u00e9tier, pr\u00e9paration oral, vid\u00e9os&#8230;).<\/p>\n","protected":false},"author":1,"featured_media":185,"parent":0,"menu_order":0,"comment_status":"closed","ping_status":"closed","template":"","meta":{"footnotes":""},"class_list":["post-182","page","type-page","status-publish","has-post-thumbnail","hentry"],"_links":{"self":[{"href":"https:\/\/labogaming.fr\/index.php\/wp-json\/wp\/v2\/pages\/182","targetHints":{"allow":["GET"]}}],"collection":[{"href":"https:\/\/labogaming.fr\/index.php\/wp-json\/wp\/v2\/pages"}],"about":[{"href":"https:\/\/labogaming.fr\/index.php\/wp-json\/wp\/v2\/types\/page"}],"author":[{"embeddable":true,"href":"https:\/\/labogaming.fr\/index.php\/wp-json\/wp\/v2\/users\/1"}],"replies":[{"embeddable":true,"href":"https:\/\/labogaming.fr\/index.php\/wp-json\/wp\/v2\/comments?post=182"}],"version-history":[{"count":6,"href":"https:\/\/labogaming.fr\/index.php\/wp-json\/wp\/v2\/pages\/182\/revisions"}],"predecessor-version":[{"id":203,"href":"https:\/\/labogaming.fr\/index.php\/wp-json\/wp\/v2\/pages\/182\/revisions\/203"}],"wp:featuredmedia":[{"embeddable":true,"href":"https:\/\/labogaming.fr\/index.php\/wp-json\/wp\/v2\/media\/185"}],"wp:attachment":[{"href":"https:\/\/labogaming.fr\/index.php\/wp-json\/wp\/v2\/media?parent=182"}],"curies":[{"name":"wp","href":"https:\/\/api.w.org\/{rel}","templated":true}]}}