{"id":275,"date":"2026-01-26T15:13:40","date_gmt":"2026-01-26T14:13:40","guid":{"rendered":"https:\/\/labogaming.fr\/?page_id=275"},"modified":"2026-01-26T16:30:02","modified_gmt":"2026-01-26T15:30:02","slug":"comprendreheure","status":"publish","type":"page","link":"https:\/\/labogaming.fr\/index.php\/comprendreheure\/","title":{"rendered":"Comprendre l&rsquo;heure"},"content":{"rendered":"\n<p><strong>ENTRAINEMENTS<\/strong><\/p>\n\n\n\n<div class=\"wp-block-buttons is-layout-flex wp-block-buttons-is-layout-flex\">\n<div class=\"wp-block-button\"><a class=\"wp-block-button__link wp-element-button\" href=\"https:\/\/www.logicieleducatif.fr\/jeu\/lecture-heure\" target=\"_blank\" rel=\"noreferrer noopener\"><strong>Jeu 1 : Lecture de l&rsquo;heure<\/strong><\/a><\/div>\n\n\n\n<div class=\"wp-block-button\"><a class=\"wp-block-button__link wp-element-button\" href=\"https:\/\/jeux.ieducatif.fr\/jeu-educatif\/jeux-cp\/apprendre-a-lire-l-heure-les-minutes-2\/\" target=\"_blank\" rel=\"noreferrer noopener\"><strong>Jeu 2 : Lire l&rsquo;heure<\/strong><\/a><\/div>\n\n\n\n<div class=\"wp-block-button\"><a class=\"wp-block-button__link wp-element-button\" href=\"https:\/\/www.lumni.fr\/jeu\/apprendre-a-lire-l-heure\" target=\"_blank\" rel=\"noreferrer noopener\"><strong>Jeu 3 : Lumni Lire l&rsquo;heure<\/strong><\/a><\/div>\n\n\n\n<div class=\"wp-block-button\"><a class=\"wp-block-button__link wp-element-button\" href=\"https:\/\/turbulus.com\/ludoeducatifs\/heure\" target=\"_blank\" rel=\"noreferrer noopener\"><strong>Jeu 4 : Ajuster et reconnaitre l&rsquo;heure<\/strong><\/a><\/div>\n<\/div>\n\n\n\n<figure class=\"wp-block-image size-full is-resized\"><img loading=\"lazy\" decoding=\"async\" width=\"381\" height=\"215\" src=\"https:\/\/labogaming.fr\/wp-content\/uploads\/2026\/01\/chien-bureau.gif\" alt=\"\" class=\"wp-image-317\" style=\"width:352px;height:auto\"\/><\/figure>\n\n\n\n<p><strong>VIDEOS<\/strong><\/p>\n\n\n\n<div class=\"wp-block-group is-layout-grid wp-container-core-group-is-layout-9649a0d9 wp-block-group-is-layout-grid\">\n<div class=\"wp-block-buttons is-layout-flex wp-block-buttons-is-layout-flex\">\n<div class=\"wp-block-button\"><a class=\"wp-block-button__link wp-element-button\" href=\"https:\/\/lesfondamentaux.reseau-canope.fr\/video\/mathematiques\/grandeurs-et-mesures\/mesures-de-duree\/lire-lheure-12\" target=\"_blank\" rel=\"noreferrer noopener\">Lire l&rsquo;heure (1\/2)<\/a><\/div>\n<\/div>\n\n\n\n<div class=\"wp-block-buttons is-layout-flex wp-block-buttons-is-layout-flex\">\n<div class=\"wp-block-button\"><a class=\"wp-block-button__link wp-element-button\" href=\"https:\/\/lesfondamentaux.reseau-canope.fr\/video\/mathematiques\/grandeurs-et-mesures\/mesures-de-duree\/lire-lheure-22\" target=\"_blank\" rel=\"noreferrer noopener\">Lire l&rsquo;heure (2\/2)<\/a><\/div>\n<\/div>\n\n\n\n<div class=\"wp-block-buttons is-layout-flex wp-block-buttons-is-layout-flex\">\n<div class=\"wp-block-button\"><a class=\"wp-block-button__link wp-element-button\" href=\"https:\/\/lesfondamentaux.reseau-canope.fr\/video\/mathematiques\/grandeurs-et-mesures\/mesures-de-duree\/de-lheure-aux-minutes-12\" target=\"_blank\" rel=\"noreferrer noopener\">De l&rsquo;heure aux minutes (1\/2)<\/a><\/div>\n<\/div>\n\n\n\n<div class=\"wp-block-buttons is-layout-flex wp-block-buttons-is-layout-flex\">\n<div class=\"wp-block-button\"><a class=\"wp-block-button__link wp-element-button\" href=\"https:\/\/lesfondamentaux.reseau-canope.fr\/video\/mathematiques\/grandeurs-et-mesures\/mesures-de-duree\/de-lheure-aux-minutes-22\" target=\"_blank\" rel=\"noreferrer noopener\">De l&rsquo;heure aux minutes (2\/2)<\/a><\/div>\n<\/div>\n\n\n\n<div class=\"wp-block-buttons is-layout-flex wp-block-buttons-is-layout-flex\">\n<div class=\"wp-block-button\"><a class=\"wp-block-button__link wp-element-button\" href=\"https:\/\/lesfondamentaux.reseau-canope.fr\/video\/mathematiques\/grandeurs-et-mesures\/mesures-de-duree\/estimer-des-durees\" target=\"_blank\" rel=\"noreferrer noopener\">Estimer des dur\u00e9es<\/a><\/div>\n<\/div>\n<\/div>\n\n\n\n<figure class=\"wp-block-image size-full is-resized\"><img loading=\"lazy\" decoding=\"async\" width=\"320\" height=\"240\" src=\"http:\/\/labogaming.fr\/wp-content\/uploads\/2026\/01\/lecture-homer.gif\" alt=\"\" class=\"wp-image-308\" style=\"width:214px;height:auto\"\/><\/figure>\n\n\n\n<p><strong>FICHES RESSOURCES<\/strong><\/p>\n\n\n\n<div class=\"wp-block-buttons is-layout-flex wp-block-buttons-is-layout-flex\">\n<div class=\"wp-block-button\"><a class=\"wp-block-button__link wp-element-button\" href=\"https:\/\/soutien67.fr\/math\/activites\/heure\/heure%2001.htm\" target=\"_blank\" rel=\"noreferrer noopener\"><strong>Fiche 1 : Apprendre \u00e0 lire l&rsquo;heure<\/strong><\/a><\/div>\n<\/div>\n\n\n\n<figure class=\"wp-block-image size-full is-resized\"><img loading=\"lazy\" decoding=\"async\" width=\"480\" height=\"362\" src=\"http:\/\/labogaming.fr\/wp-content\/uploads\/2026\/01\/content.gif\" alt=\"\" class=\"wp-image-304\" style=\"aspect-ratio:1.3260632497273719;width:214px;height:auto\"\/><\/figure>\n\n\n\n<p><strong>FICHES EXERCICES<\/strong><\/p>\n\n\n\n<p><strong>Dire l&rsquo;heure<\/strong><\/p>\n\n\n\n<div class=\"wp-block-group is-layout-grid wp-container-core-group-is-layout-9649a0d9 wp-block-group-is-layout-grid\">\n<div class=\"wp-block-file\"><a id=\"wp-block-file--media-dd52a439-93fd-4636-b77d-713a04fc602c\" href=\"https:\/\/labogaming.fr\/wp-content\/uploads\/2026\/01\/Dire-lheure-serie-1-2.pdf\" target=\"_blank\" rel=\"noreferrer noopener\">Dire l&rsquo;heure &#8211; s\u00e9rie 1<\/a><a href=\"https:\/\/labogaming.fr\/wp-content\/uploads\/2026\/01\/Dire-lheure-serie-1-2.pdf\" class=\"wp-block-file__button wp-element-button\" download aria-describedby=\"wp-block-file--media-dd52a439-93fd-4636-b77d-713a04fc602c\">T\u00e9l\u00e9charger<\/a><\/div>\n\n\n\n<div class=\"wp-block-file\"><a id=\"wp-block-file--media-993d185d-28ec-43ac-bae2-caa9c163f241\" href=\"https:\/\/labogaming.fr\/wp-content\/uploads\/2026\/01\/Dire-lheure-serie-2.pdf\" target=\"_blank\" rel=\"noreferrer noopener\">Dire l&rsquo;heure &#8211; s\u00e9rie 2<\/a><a href=\"https:\/\/labogaming.fr\/wp-content\/uploads\/2026\/01\/Dire-lheure-serie-2.pdf\" class=\"wp-block-file__button wp-element-button\" download aria-describedby=\"wp-block-file--media-993d185d-28ec-43ac-bae2-caa9c163f241\">T\u00e9l\u00e9charger<\/a><\/div>\n\n\n\n<div class=\"wp-block-file\"><a id=\"wp-block-file--media-975e7ad4-53cf-4e4a-9133-4b6f69441f42\" href=\"https:\/\/labogaming.fr\/wp-content\/uploads\/2026\/01\/Dire-lheure-serie-3.pdf\" target=\"_blank\" rel=\"noreferrer noopener\">Dire l&rsquo;heure &#8211; s\u00e9rie 3<\/a><a href=\"https:\/\/labogaming.fr\/wp-content\/uploads\/2026\/01\/Dire-lheure-serie-3.pdf\" class=\"wp-block-file__button wp-element-button\" download aria-describedby=\"wp-block-file--media-975e7ad4-53cf-4e4a-9133-4b6f69441f42\">T\u00e9l\u00e9charger<\/a><\/div>\n<\/div>\n\n\n\n<p><strong>Lecture de l&rsquo;heure sur un cadran<\/strong><\/p>\n\n\n\n<div class=\"wp-block-group is-layout-grid wp-container-core-group-is-layout-9649a0d9 wp-block-group-is-layout-grid\">\n<div class=\"wp-block-file\"><a id=\"wp-block-file--media-5683df71-f570-44d7-b27f-667fe073d7c9\" href=\"https:\/\/labogaming.fr\/wp-content\/uploads\/2026\/01\/Lecture-de-lheure-Serie-1.pdf\" target=\"_blank\" rel=\"noreferrer noopener\">Lecture de l&rsquo;heure &#8211; S\u00e9rie 1<\/a><a href=\"https:\/\/labogaming.fr\/wp-content\/uploads\/2026\/01\/Lecture-de-lheure-Serie-1.pdf\" class=\"wp-block-file__button wp-element-button\" download aria-describedby=\"wp-block-file--media-5683df71-f570-44d7-b27f-667fe073d7c9\">T\u00e9l\u00e9charger<\/a><\/div>\n\n\n\n<div class=\"wp-block-file\"><a id=\"wp-block-file--media-b66b9cde-1930-4238-93c4-17822c908f5c\" href=\"https:\/\/labogaming.fr\/wp-content\/uploads\/2026\/01\/Lecture-de-lheure-Serie-2.pdf\" target=\"_blank\" rel=\"noreferrer noopener\">Lecture de l&rsquo;heure &#8211; S\u00e9rie 2<\/a><a href=\"https:\/\/labogaming.fr\/wp-content\/uploads\/2026\/01\/Lecture-de-lheure-Serie-2.pdf\" class=\"wp-block-file__button wp-element-button\" download aria-describedby=\"wp-block-file--media-b66b9cde-1930-4238-93c4-17822c908f5c\">T\u00e9l\u00e9charger<\/a><\/div>\n\n\n\n<div class=\"wp-block-file\"><a id=\"wp-block-file--media-193442ea-ba59-450e-8746-4b1ff71e204a\" href=\"https:\/\/labogaming.fr\/wp-content\/uploads\/2026\/01\/Lecture-de-lheure-Serie-3.pdf\" target=\"_blank\" rel=\"noreferrer noopener\">Lecture de l&rsquo;heure &#8211; S\u00e9rie 3<\/a><a href=\"https:\/\/labogaming.fr\/wp-content\/uploads\/2026\/01\/Lecture-de-lheure-Serie-3.pdf\" class=\"wp-block-file__button wp-element-button\" download aria-describedby=\"wp-block-file--media-193442ea-ba59-450e-8746-4b1ff71e204a\">T\u00e9l\u00e9charger<\/a><\/div>\n\n\n\n<div class=\"wp-block-file\"><a id=\"wp-block-file--media-a09da0e0-0f16-4703-a5ad-45d319585900\" href=\"https:\/\/labogaming.fr\/wp-content\/uploads\/2026\/01\/Lecture-de-lheure-Serie-4.pdf\" target=\"_blank\" rel=\"noreferrer noopener\">Lecture de l&rsquo;heure &#8211; S\u00e9rie 4<\/a><a href=\"https:\/\/labogaming.fr\/wp-content\/uploads\/2026\/01\/Lecture-de-lheure-Serie-4.pdf\" class=\"wp-block-file__button wp-element-button\" download aria-describedby=\"wp-block-file--media-a09da0e0-0f16-4703-a5ad-45d319585900\">T\u00e9l\u00e9charger<\/a><\/div>\n\n\n\n<div class=\"wp-block-file\"><a id=\"wp-block-file--media-1a0cbd3d-e5d2-4614-b52a-02ce88555041\" href=\"https:\/\/labogaming.fr\/wp-content\/uploads\/2026\/01\/Lecture-de-lheure-Serie-5.pdf\" target=\"_blank\" rel=\"noreferrer noopener\">Lecture de l&rsquo;heure &#8211; S\u00e9rie 5<\/a><a href=\"https:\/\/labogaming.fr\/wp-content\/uploads\/2026\/01\/Lecture-de-lheure-Serie-5.pdf\" class=\"wp-block-file__button wp-element-button\" download aria-describedby=\"wp-block-file--media-1a0cbd3d-e5d2-4614-b52a-02ce88555041\">T\u00e9l\u00e9charger<\/a><\/div>\n<\/div>\n\n\n\n<p><strong>Conversions avec les unit\u00e9s de dur\u00e9e<\/strong><\/p>\n\n\n\n<div class=\"wp-block-group is-layout-grid wp-container-core-group-is-layout-9649a0d9 wp-block-group-is-layout-grid\">\n<div class=\"wp-block-file\"><a id=\"wp-block-file--media-fb9035ca-c6d9-4a8a-9182-2e2689cf4359\" href=\"https:\/\/labogaming.fr\/wp-content\/uploads\/2026\/01\/Conversions-serie-1.pdf\" target=\"_blank\" rel=\"noreferrer noopener\">Conversions &#8211; s\u00e9rie 1<\/a><a href=\"https:\/\/labogaming.fr\/wp-content\/uploads\/2026\/01\/Conversions-serie-1.pdf\" class=\"wp-block-file__button wp-element-button\" download aria-describedby=\"wp-block-file--media-fb9035ca-c6d9-4a8a-9182-2e2689cf4359\">T\u00e9l\u00e9charger<\/a><\/div>\n\n\n\n<div class=\"wp-block-file\"><a id=\"wp-block-file--media-0476a0ee-ceb1-4970-b40e-a0b7cf30b6ff\" href=\"https:\/\/labogaming.fr\/wp-content\/uploads\/2026\/01\/Conversions-serie-2.pdf\" target=\"_blank\" rel=\"noreferrer noopener\">Conversions &#8211; s\u00e9rie 2<\/a><a href=\"https:\/\/labogaming.fr\/wp-content\/uploads\/2026\/01\/Conversions-serie-2.pdf\" class=\"wp-block-file__button wp-element-button\" download aria-describedby=\"wp-block-file--media-0476a0ee-ceb1-4970-b40e-a0b7cf30b6ff\">T\u00e9l\u00e9charger<\/a><\/div>\n\n\n\n<div class=\"wp-block-file\"><a id=\"wp-block-file--media-07df268c-18e6-421b-b89d-9db9a814821e\" href=\"https:\/\/labogaming.fr\/wp-content\/uploads\/2026\/01\/Conversions-serie-3.pdf\" target=\"_blank\" rel=\"noreferrer noopener\">Conversions &#8211; s\u00e9rie 3<\/a><a href=\"https:\/\/labogaming.fr\/wp-content\/uploads\/2026\/01\/Conversions-serie-3.pdf\" class=\"wp-block-file__button wp-element-button\" download aria-describedby=\"wp-block-file--media-07df268c-18e6-421b-b89d-9db9a814821e\">T\u00e9l\u00e9charger<\/a><\/div>\n\n\n\n<div class=\"wp-block-file\"><a id=\"wp-block-file--media-90160816-4c07-4187-8241-9a56356725de\" href=\"https:\/\/labogaming.fr\/wp-content\/uploads\/2026\/01\/Conversions-serie-4.pdf\" target=\"_blank\" rel=\"noreferrer noopener\">Conversions &#8211; s\u00e9rie 4<\/a><a href=\"https:\/\/labogaming.fr\/wp-content\/uploads\/2026\/01\/Conversions-serie-4.pdf\" class=\"wp-block-file__button wp-element-button\" download aria-describedby=\"wp-block-file--media-90160816-4c07-4187-8241-9a56356725de\">T\u00e9l\u00e9charger<\/a><\/div>\n\n\n\n<div class=\"wp-block-file\"><a id=\"wp-block-file--media-eaa7c52d-a235-49cb-bb1f-14ce5c6845cf\" href=\"https:\/\/labogaming.fr\/wp-content\/uploads\/2026\/01\/Conversions-serie-5.pdf\" target=\"_blank\" rel=\"noreferrer noopener\">Conversions &#8211; s\u00e9rie 5<\/a><a href=\"https:\/\/labogaming.fr\/wp-content\/uploads\/2026\/01\/Conversions-serie-5.pdf\" class=\"wp-block-file__button wp-element-button\" download aria-describedby=\"wp-block-file--media-eaa7c52d-a235-49cb-bb1f-14ce5c6845cf\">T\u00e9l\u00e9charger<\/a><\/div>\n<\/div>\n\n\n\n<p><strong>R\u00e9solutions de probl\u00e8mes avec les heures et dur\u00e9es<\/strong><\/p>\n\n\n\n<div class=\"wp-block-group is-layout-grid wp-container-core-group-is-layout-9649a0d9 wp-block-group-is-layout-grid\">\n<div class=\"wp-block-file\"><a id=\"wp-block-file--media-b37e503b-19c4-43d2-ad44-f3e21ca643b5\" href=\"https:\/\/labogaming.fr\/wp-content\/uploads\/2026\/01\/Resolution-de-problemes-avec-heures-et-durees-Serie-1.pdf\" target=\"_blank\" rel=\"noreferrer noopener\">R\u00e9solution de probl\u00e8mes avec heures et dur\u00e9es &#8211; S\u00e9rie 1<\/a><a href=\"https:\/\/labogaming.fr\/wp-content\/uploads\/2026\/01\/Resolution-de-problemes-avec-heures-et-durees-Serie-1.pdf\" class=\"wp-block-file__button wp-element-button\" download aria-describedby=\"wp-block-file--media-b37e503b-19c4-43d2-ad44-f3e21ca643b5\">T\u00e9l\u00e9charger<\/a><\/div>\n\n\n\n<div class=\"wp-block-file\"><a id=\"wp-block-file--media-28578a74-4407-4136-be22-33e93ee933f2\" href=\"https:\/\/labogaming.fr\/wp-content\/uploads\/2026\/01\/Resolution-de-problemes-avec-heures-et-durees-Serie-2.pdf\" target=\"_blank\" rel=\"noreferrer noopener\">R\u00e9solution de probl\u00e8mes avec heures et dur\u00e9es &#8211; S\u00e9rie 2<\/a><a href=\"https:\/\/labogaming.fr\/wp-content\/uploads\/2026\/01\/Resolution-de-problemes-avec-heures-et-durees-Serie-2.pdf\" class=\"wp-block-file__button wp-element-button\" download aria-describedby=\"wp-block-file--media-28578a74-4407-4136-be22-33e93ee933f2\">T\u00e9l\u00e9charger<\/a><\/div>\n<\/div>\n\n\n\n<figure class=\"wp-block-image size-full is-resized\"><img loading=\"lazy\" decoding=\"async\" width=\"287\" height=\"400\" src=\"https:\/\/labogaming.fr\/wp-content\/uploads\/2026\/01\/bender-danse.gif\" alt=\"\" class=\"wp-image-319\" style=\"width:172px;height:auto\"\/><\/figure>\n","protected":false},"excerpt":{"rendered":"<p>ENTRAINEMENTS VIDEOS FICHES RESSOURCES FICHES EXERCICES Dire l&rsquo;heure Lecture de l&rsquo;heure sur un cadran Conversions avec les unit\u00e9s de dur\u00e9e R\u00e9solutions de probl\u00e8mes avec les heures et dur\u00e9es<\/p>\n","protected":false},"author":1,"featured_media":294,"parent":0,"menu_order":0,"comment_status":"closed","ping_status":"closed","template":"","meta":{"footnotes":""},"class_list":["post-275","page","type-page","status-publish","has-post-thumbnail","hentry"],"_links":{"self":[{"href":"https:\/\/labogaming.fr\/index.php\/wp-json\/wp\/v2\/pages\/275","targetHints":{"allow":["GET"]}}],"collection":[{"href":"https:\/\/labogaming.fr\/index.php\/wp-json\/wp\/v2\/pages"}],"about":[{"href":"https:\/\/labogaming.fr\/index.php\/wp-json\/wp\/v2\/types\/page"}],"author":[{"embeddable":true,"href":"https:\/\/labogaming.fr\/index.php\/wp-json\/wp\/v2\/users\/1"}],"replies":[{"embeddable":true,"href":"https:\/\/labogaming.fr\/index.php\/wp-json\/wp\/v2\/comments?post=275"}],"version-history":[{"count":13,"href":"https:\/\/labogaming.fr\/index.php\/wp-json\/wp\/v2\/pages\/275\/revisions"}],"predecessor-version":[{"id":325,"href":"https:\/\/labogaming.fr\/index.php\/wp-json\/wp\/v2\/pages\/275\/revisions\/325"}],"wp:featuredmedia":[{"embeddable":true,"href":"https:\/\/labogaming.fr\/index.php\/wp-json\/wp\/v2\/media\/294"}],"wp:attachment":[{"href":"https:\/\/labogaming.fr\/index.php\/wp-json\/wp\/v2\/media?parent=275"}],"curies":[{"name":"wp","href":"https:\/\/api.w.org\/{rel}","templated":true}]}}